{"id":12,"date":"2024-08-02T09:12:06","date_gmt":"2024-08-02T09:12:06","guid":{"rendered":"https:\/\/erbatechnologiesaustria.com\/ueber\/"},"modified":"2024-08-02T09:12:21","modified_gmt":"2024-08-02T09:12:21","slug":"ueber","status":"publish","type":"page","link":"https:\/\/erbatechnologiesaustria.com\/en\/ueber\/","title":{"rendered":"\u00dcber"},"content":{"rendered":"<div class=\"wp-block-group alignfull has-background-background-color has-background has-global-padding is-layout-constrained wp-block-group-is-layout-constrained\" style=\"margin-top:0;margin-bottom:0;padding-top:0;padding-bottom:0\">\n<div class=\"wp-block-cover alignfull\" style=\"padding-top:0;padding-right:var(--wp--preset--spacing--30);padding-bottom:0;padding-left:var(--wp--preset--spacing--30);min-height:50px;aspect-ratio:unset;\"><span aria-hidden=\"true\" class=\"wp-block-cover__background has-black-background-color has-background-dim-60 has-background-dim\"><\/span><img loading=\"lazy\" decoding=\"async\" width=\"1280\" height=\"853\" class=\"wp-block-cover__image-background wp-image-21\" alt=\"\" src=\"https:\/\/erbatechnologiesaustria.com\/wp-content\/uploads\/2024\/08\/6d0feec454d0e58e8f070bf451ac0b2ca32998bf.jpg\" data-object-fit=\"cover\" srcset=\"https:\/\/erbatechnologiesaustria.com\/wp-content\/uploads\/2024\/08\/6d0feec454d0e58e8f070bf451ac0b2ca32998bf.jpg 1280w, https:\/\/erbatechnologiesaustria.com\/wp-content\/uploads\/2024\/08\/6d0feec454d0e58e8f070bf451ac0b2ca32998bf-300x200.jpg 300w, https:\/\/erbatechnologiesaustria.com\/wp-content\/uploads\/2024\/08\/6d0feec454d0e58e8f070bf451ac0b2ca32998bf-1024x682.jpg 1024w, https:\/\/erbatechnologiesaustria.com\/wp-content\/uploads\/2024\/08\/6d0feec454d0e58e8f070bf451ac0b2ca32998bf-768x512.jpg 768w\" sizes=\"auto, (max-width: 1280px) 100vw, 1280px\" \/><div class=\"wp-block-cover__inner-container is-layout-flow wp-block-cover-is-layout-flow\">\n<div class=\"wp-block-group has-global-padding is-layout-constrained wp-block-group-is-layout-constrained\" style=\"padding-top:var(--wp--preset--spacing--60);padding-bottom:var(--wp--preset--spacing--60)\">\n<h1 class=\"wp-block-heading alignwide has-text-align-left has-text-color has-x-large-font-size\" style=\"color:#fffffffc\">Erba Technologies Austria &#8211; Ihre Experten<\/h1>\n<\/div>\n<\/div><\/div>\n<\/div>\n\n<div class=\"wp-block-group alignfull has-tertiary-background-color has-background has-global-padding is-layout-constrained wp-container-core-group-is-layout-fb85e995 wp-block-group-is-layout-constrained\" style=\"margin-top:0;margin-bottom:0;padding-top:var(--wp--preset--spacing--60);padding-right:var(--wp--preset--spacing--30);padding-bottom:var(--wp--preset--spacing--60);padding-left:var(--wp--preset--spacing--30)\">\n<h2 class=\"wp-block-heading has-text-align-center has-large-font-size\">Unser Forschungs- und Entwicklungsstandort in Wien &#8211; Erba Technologies Austria<\/h2>\n\n\n\n<p class=\"has-text-align-center\" style=\"margin-top:16px\">Erba Technologies Austria in Wien entwickelt innovative Point-of-Care-Ger\u00e4te, die neue Ma\u00dfst\u00e4be in Qualit\u00e4t und Erschwinglichkeit setzen. Mit modernster Technologie und hochqualifiziertem Personal schaffen wir zukunftsweisende L\u00f6sungen f\u00fcr den Gesundheitssektor.<\/p>\n\n\n\n<figure class=\"wp-block-image aligncenter size-large is-style-default\"><img loading=\"lazy\" decoding=\"async\" width=\"1280\" height=\"720\" class=\"wp-image-31\" src=\"https:\/\/erbatechnologiesaustria.com\/wp-content\/uploads\/2024\/08\/40d4ee54651bbb2c7ef9185fb9dc3ec855026cc6.jpg\" alt=\"\" style=\"aspect-ratio:16\/9;object-fit:cover\" srcset=\"https:\/\/erbatechnologiesaustria.com\/wp-content\/uploads\/2024\/08\/40d4ee54651bbb2c7ef9185fb9dc3ec855026cc6.jpg 1280w, https:\/\/erbatechnologiesaustria.com\/wp-content\/uploads\/2024\/08\/40d4ee54651bbb2c7ef9185fb9dc3ec855026cc6-300x169.jpg 300w, https:\/\/erbatechnologiesaustria.com\/wp-content\/uploads\/2024\/08\/40d4ee54651bbb2c7ef9185fb9dc3ec855026cc6-1024x576.jpg 1024w, https:\/\/erbatechnologiesaustria.com\/wp-content\/uploads\/2024\/08\/40d4ee54651bbb2c7ef9185fb9dc3ec855026cc6-768x432.jpg 768w\" sizes=\"auto, (max-width: 1280px) 100vw, 1280px\" \/><\/figure>\n<\/div>\n\n<div class=\"wp-block-group alignfull has-background-background-color has-background has-global-padding is-layout-constrained wp-container-core-group-is-layout-7276a2bb wp-block-group-is-layout-constrained\" style=\"margin-top:0;margin-bottom:0;padding-top:var(--wp--preset--spacing--60);padding-right:var(--wp--preset--spacing--30);padding-bottom:var(--wp--preset--spacing--60);padding-left:var(--wp--preset--spacing--30)\">\n<div class=\"wp-block-group alignwide has-global-padding is-content-justification-left is-layout-constrained wp-container-core-group-is-layout-8b4c372c wp-block-group-is-layout-constrained\">\n<h2 class=\"wp-block-heading has-large-font-size\">Unsere technologischen Innovationen<\/h2>\n\n\n\n<p style=\"margin-top:16px\">Willkommen bei Erba Technologies Austria. Unser hochqualifiziertes Team und modernste Ausstattung erm\u00f6glichen die Entwicklung innovativer Diagnostikl\u00f6sungen. Qualit\u00e4t und Erschwinglichkeit stehen im Mittelpunkt.<\/p>\n<\/div>\n\n\n\n<div class=\"wp-block-columns alignwide is-layout-flex wp-container-core-columns-is-layout-08c01c1c wp-block-columns-is-layout-flex\">\n<div class=\"wp-block-column is-layout-flow wp-block-column-is-layout-flow\">\n<h3 class=\"wp-block-heading has-text-align-left has-primary-color has-text-color has-large-font-size\">30+<\/h3>\n\n\n\n<h3 class=\"wp-block-heading has-text-align-left has-medium-font-size\" style=\"margin-top:16px\">Forschungsschwerpunkte<\/h3>\n\n\n\n<p class=\"has-text-align-left has-small-font-size\" style=\"margin-top:8px\">Unser Standort konzentriert sich auf die Entwicklung und Verbesserung von Point-of-Care-Ger\u00e4ten, um eine schnelle und zuverl\u00e4ssige Diagnose zu gew\u00e4hrleisten.<\/p>\n<\/div>\n\n\n\n<div class=\"wp-block-column is-layout-flow wp-block-column-is-layout-flow\">\n<h3 class=\"wp-block-heading has-text-align-left has-primary-color has-text-color has-large-font-size\">365<\/h3>\n\n\n\n<h3 class=\"wp-block-heading has-text-align-left has-medium-font-size\" style=\"margin-top:16px\">Diagnoseger\u00e4te<\/h3>\n\n\n\n<p class=\"has-text-align-left has-small-font-size\" style=\"margin-top:8px\">365 Tage im Jahr arbeiten wir daran, innovative und erschwingliche Diagnosel\u00f6sungen f\u00fcr den globalen Markt zu entwickeln.<\/p>\n<\/div>\n\n\n\n<div class=\"wp-block-column is-layout-flow wp-block-column-is-layout-flow\">\n<h3 class=\"wp-block-heading has-text-align-left has-primary-color has-text-color has-large-font-size\">5000+<\/h3>\n\n\n\n<h3 class=\"wp-block-heading has-text-align-left has-medium-font-size\" style=\"margin-top:16px\">Diagnostic solutions<\/h3>\n\n\n\n<p class=\"has-text-align-left has-small-font-size\" style=\"margin-top:8px\">Wir setzen auf modernste Technik und innovative Verfahren, um pr\u00e4zise und kosteng\u00fcnstige Diagnostikger\u00e4te zu entwickeln.<\/p>\n<\/div>\n\n\n\n<div class=\"wp-block-column is-layout-flow wp-block-column-is-layout-flow\">\n<h3 class=\"wp-block-heading has-text-align-left has-primary-color has-text-color has-large-font-size\">95%<\/h3>\n\n\n\n<h3 class=\"wp-block-heading has-text-align-left has-medium-font-size\" style=\"margin-top:16px\">Kundenzufriedenheit<\/h3>\n\n\n\n<p class=\"has-text-align-left has-small-font-size\" style=\"margin-top:8px\">Die Zufriedenheitsrate unserer Kunden liegt bei \u00fcber 90 Prozent, was unsere hohen Qualit\u00e4tsstandards und unseren erstklassigen Support best\u00e4tigt.<\/p>\n<\/div>\n<\/div>\n<\/div>\n\n<div class=\"wp-block-group alignfull has-tertiary-background-color has-background has-global-padding is-layout-constrained wp-container-core-group-is-layout-7276a2bb wp-block-group-is-layout-constrained\" style=\"margin-top:0;margin-bottom:0;padding-top:var(--wp--preset--spacing--60);padding-right:var(--wp--preset--spacing--30);padding-bottom:var(--wp--preset--spacing--60);padding-left:var(--wp--preset--spacing--30)\">\n<div class=\"wp-block-group alignwide has-global-padding is-content-justification-left is-layout-constrained wp-container-core-group-is-layout-8b4c372c wp-block-group-is-layout-constrained\">\n<h2 class=\"wp-block-heading has-large-font-size\">Unsere Kundenberichte<\/h2>\n\n\n\n<p style=\"margin-top:16px\">In der professionellen und unterst\u00fctzenden Umgebung von Erba Technologies Austria erlebte ich innovative Diagnosetechnologien, die ma\u00dfgeblich zu meiner Zufriedenheit beitrugen.<\/p>\n<\/div>\n\n\n\n<div class=\"wp-block-group alignwide has-background-background-color has-background has-global-padding is-layout-constrained wp-container-core-group-is-layout-a666d811 wp-block-group-is-layout-constrained\" style=\"padding-top:var(--wp--preset--spacing--40);padding-right:var(--wp--preset--spacing--40);padding-bottom:var(--wp--preset--spacing--40);padding-left:var(--wp--preset--spacing--40)\">\n<div class=\"wp-block-columns alignwide are-vertically-aligned-center is-layout-flex wp-container-core-columns-is-layout-08c01c1c wp-block-columns-is-layout-flex\">\n<div class=\"wp-block-column is-vertically-aligned-center is-layout-flow wp-container-core-column-is-layout-f5bb311e wp-block-column-is-layout-flow\" style=\"flex-basis:66.66%\">\n<p style=\"font-size:clamp(20px, 1.25rem + ((1vw - 3.2px) * 1.25), 32px);font-style:normal;font-weight:600;line-height:1.4\">Erba Technologies Austria hat mein Vertrauen in Diagnosetechnologien gest\u00e4rkt.<\/p>\n\n\n\n<h4 class=\"wp-block-heading has-text-align-left has-small-font-size\">Max M\u00fcller<\/h4>\n\n\n\n<p class=\"has-text-align-left has-small-font-size\" style=\"margin-top:2px\">Produktmanager<\/p>\n<\/div>\n\n\n\n<div class=\"wp-block-column is-vertically-aligned-center is-layout-flow wp-block-column-is-layout-flow\" style=\"flex-basis:33.33%\">\n<figure class=\"wp-block-image aligncenter is-style-default\"><img loading=\"lazy\" decoding=\"async\" width=\"1280\" height=\"1920\" class=\"wp-image-35\" src=\"https:\/\/erbatechnologiesaustria.com\/wp-content\/uploads\/2024\/08\/e0dfdfdf9fe7ad09caa6cdb5d4efd211fa44ac0d.jpg\" alt=\"\" style=\"aspect-ratio:1;object-fit:cover\" srcset=\"https:\/\/erbatechnologiesaustria.com\/wp-content\/uploads\/2024\/08\/e0dfdfdf9fe7ad09caa6cdb5d4efd211fa44ac0d.jpg 1280w, https:\/\/erbatechnologiesaustria.com\/wp-content\/uploads\/2024\/08\/e0dfdfdf9fe7ad09caa6cdb5d4efd211fa44ac0d-200x300.jpg 200w, https:\/\/erbatechnologiesaustria.com\/wp-content\/uploads\/2024\/08\/e0dfdfdf9fe7ad09caa6cdb5d4efd211fa44ac0d-683x1024.jpg 683w, https:\/\/erbatechnologiesaustria.com\/wp-content\/uploads\/2024\/08\/e0dfdfdf9fe7ad09caa6cdb5d4efd211fa44ac0d-768x1152.jpg 768w, https:\/\/erbatechnologiesaustria.com\/wp-content\/uploads\/2024\/08\/e0dfdfdf9fe7ad09caa6cdb5d4efd211fa44ac0d-1024x1536.jpg 1024w\" sizes=\"auto, (max-width: 1280px) 100vw, 1280px\" \/><\/figure>\n<\/div>\n<\/div>\n<\/div>\n\n\n\n<div class=\"wp-block-columns alignwide is-layout-flex wp-container-core-columns-is-layout-aee59796 wp-block-columns-is-layout-flex\" style=\"margin-top:32px\">\n<div class=\"wp-block-column has-background-background-color has-background is-layout-flow wp-block-column-is-layout-flow\">\n<div class=\"wp-block-group has-global-padding is-layout-constrained wp-container-core-group-is-layout-24fca791 wp-block-group-is-layout-constrained\" style=\"padding-top:var(--wp--preset--spacing--30);padding-right:24px;padding-bottom:var(--wp--preset--spacing--30);padding-left:24px\">\n<p>Die Experten hier sind kompetent und professionell &#8211; ich f\u00fchle mich gut betreut.<\/p>\n\n\n\n<div class=\"wp-block-group is-nowrap is-layout-flex wp-container-core-group-is-layout-3b4e9d3e wp-block-group-is-layout-flex\">\n<figure class=\"wp-block-image aligncenter is-style-rounded\"><img loading=\"lazy\" decoding=\"async\" width=\"64\" height=\"64\" class=\"wp-image-36\" src=\"https:\/\/erbatechnologiesaustria.com\/wp-content\/uploads\/2024\/08\/4a71f64b1f55758349751a95c02ab73be353f75f.jpg\" alt=\"\" style=\"aspect-ratio:1;object-fit:cover\" \/><\/figure>\n\n\n\n<div class=\"wp-block-group has-global-padding is-layout-constrained wp-block-group-is-layout-constrained\">\n<h4 class=\"wp-block-heading has-text-align-left has-small-font-size\">Anna Schmidt<\/h4>\n\n\n\n<p class=\"has-text-align-left has-small-font-size\" style=\"margin-top:2px\">Berater<\/p>\n<\/div>\n<\/div>\n<\/div>\n<\/div>\n\n\n\n<div class=\"wp-block-column has-background-background-color has-background is-layout-flow wp-block-column-is-layout-flow\">\n<div class=\"wp-block-group has-global-padding is-layout-constrained wp-container-core-group-is-layout-24fca791 wp-block-group-is-layout-constrained\" style=\"padding-top:var(--wp--preset--spacing--30);padding-right:24px;padding-bottom:var(--wp--preset--spacing--30);padding-left:24px\">\n<p>Ich bin dankbar f\u00fcr die professionelle und engagierte Betreuung, die ich hier erhalten habe.<\/p>\n\n\n\n<div class=\"wp-block-group is-nowrap is-layout-flex wp-container-core-group-is-layout-3b4e9d3e wp-block-group-is-layout-flex\">\n<figure class=\"wp-block-image aligncenter is-style-rounded\"><img loading=\"lazy\" decoding=\"async\" width=\"64\" height=\"64\" class=\"wp-image-37\" src=\"https:\/\/erbatechnologiesaustria.com\/wp-content\/uploads\/2024\/08\/c4edd2d47ef65ceb6e379731c2947a86594c7e16.jpg\" alt=\"\" style=\"aspect-ratio:1;object-fit:cover\" \/><\/figure>\n\n\n\n<div class=\"wp-block-group has-global-padding is-layout-constrained wp-block-group-is-layout-constrained\">\n<h4 class=\"wp-block-heading has-text-align-left has-small-font-size\">Paul Meier<\/h4>\n\n\n\n<p class=\"has-text-align-left has-small-font-size\" style=\"margin-top:2px\">Ingenieur<\/p>\n<\/div>\n<\/div>\n<\/div>\n<\/div>\n\n\n\n<div class=\"wp-block-column has-background-background-color has-background is-layout-flow wp-block-column-is-layout-flow\">\n<div class=\"wp-block-group has-global-padding is-layout-constrained wp-container-core-group-is-layout-24fca791 wp-block-group-is-layout-constrained\" style=\"padding-top:var(--wp--preset--spacing--30);padding-right:24px;padding-bottom:var(--wp--preset--spacing--30);padding-left:24px\">\n<p>Erba Technologies Austria bietet erstklassige Diagnosel\u00f6sungen und einen hervorragenden Service.<\/p>\n\n\n\n<div class=\"wp-block-group is-nowrap is-layout-flex wp-container-core-group-is-layout-3b4e9d3e wp-block-group-is-layout-flex\">\n<figure class=\"wp-block-image aligncenter is-style-rounded\"><img loading=\"lazy\" decoding=\"async\" width=\"64\" height=\"64\" class=\"wp-image-38\" src=\"https:\/\/erbatechnologiesaustria.com\/wp-content\/uploads\/2024\/08\/1fe8ae8069338e8a2770cc5eea182302d3558800.jpg\" alt=\"\" style=\"aspect-ratio:1;object-fit:cover\" \/><\/figure>\n\n\n\n<div class=\"wp-block-group has-global-padding is-layout-constrained wp-block-group-is-layout-constrained\">\n<h4 class=\"wp-block-heading has-text-align-left has-small-font-size\">Clara Fischer<\/h4>\n\n\n\n<p class=\"has-text-align-left has-small-font-size\" style=\"margin-top:2px\">Lehrerin<\/p>\n<\/div>\n<\/div>\n<\/div>\n<\/div>\n<\/div>\n<\/div>\n\n<div class=\"wp-block-group alignfull has-background-background-color has-background has-global-padding is-layout-constrained wp-container-core-group-is-layout-7276a2bb wp-block-group-is-layout-constrained\" style=\"margin-top:0;margin-bottom:0;padding-top:var(--wp--preset--spacing--60);padding-right:var(--wp--preset--spacing--30);padding-bottom:var(--wp--preset--spacing--60);padding-left:var(--wp--preset--spacing--30)\">\n<div class=\"wp-block-group alignwide has-tertiary-background-color has-background is-content-justification-space-between is-layout-flex wp-container-core-group-is-layout-4be20cc5 wp-block-group-is-layout-flex\" style=\"padding-top:var(--wp--preset--spacing--50);padding-right:var(--wp--preset--spacing--50);padding-bottom:var(--wp--preset--spacing--50);padding-left:var(--wp--preset--spacing--50)\">\n<div class=\"wp-block-group has-global-padding is-layout-constrained wp-block-group-is-layout-constrained\">\n<h2 class=\"wp-block-heading has-large-font-size\">Jetzt informieren<\/h2>\n\n\n\n<p style=\"margin-top:16px\">Erba Technologies Austria entwickelt innovative Point-of-Care-Ger\u00e4te f\u00fcr die Diagnostik. Entdecken Sie unser Angebot!<\/p>\n<\/div>\n\n\n\n<div class=\"wp-block-buttons is-content-justification-left is-layout-flex wp-container-core-buttons-is-layout-82056a45 wp-block-buttons-is-layout-flex\">\n<div class=\"wp-block-button is-style-outline is-style-outline--1\"><a class=\"wp-block-button__link wp-element-button\" href=\"\/en\/dienstleistungen\/\">Mehr erfahren<\/a><\/div>\n\n\n\n<div class=\"wp-block-button\"><a class=\"wp-block-button__link wp-element-button\" href=\"\/en\/dienstleistungen\/\">Mehr Informationen<\/a><\/div>\n<\/div>\n<\/div>\n<\/div>","protected":false},"excerpt":{"rendered":"<p>Unser Forschungs- und Entwicklungsstandort in Wien &#8211; Erba Technologies Austria Erba Technologies Austria in Wien entwickelt innovative Point-of-Care-Ger\u00e4te, die neue Ma\u00dfst\u00e4be in Qualit\u00e4t und Erschwinglichkeit setzen. Mit modernster Technologie und hochqualifiziertem Personal schaffen wir zukunftsweisende L\u00f6sungen f\u00fcr den Gesundheitssektor. Unsere technologischen Innovationen Willkommen bei Erba Technologies Austria. Unser hochqualifiziertes Team und modernste Ausstattung erm\u00f6glichen die [&hellip;]<\/p>\n","protected":false},"author":1,"featured_media":0,"parent":0,"menu_order":0,"comment_status":"closed","ping_status":"closed","template":"no-title","meta":{"footnotes":""},"class_list":["post-12","page","type-page","status-publish","hentry"],"aioseo_notices":[],"_links":{"self":[{"href":"https:\/\/erbatechnologiesaustria.com\/en\/wp-json\/wp\/v2\/pages\/12","targetHints":{"allow":["GET"]}}],"collection":[{"href":"https:\/\/erbatechnologiesaustria.com\/en\/wp-json\/wp\/v2\/pages"}],"about":[{"href":"https:\/\/erbatechnologiesaustria.com\/en\/wp-json\/wp\/v2\/types\/page"}],"author":[{"embeddable":true,"href":"https:\/\/erbatechnologiesaustria.com\/en\/wp-json\/wp\/v2\/users\/1"}],"replies":[{"embeddable":true,"href":"https:\/\/erbatechnologiesaustria.com\/en\/wp-json\/wp\/v2\/comments?post=12"}],"version-history":[{"count":2,"href":"https:\/\/erbatechnologiesaustria.com\/en\/wp-json\/wp\/v2\/pages\/12\/revisions"}],"predecessor-version":[{"id":39,"href":"https:\/\/erbatechnologiesaustria.com\/en\/wp-json\/wp\/v2\/pages\/12\/revisions\/39"}],"wp:attachment":[{"href":"https:\/\/erbatechnologiesaustria.com\/en\/wp-json\/wp\/v2\/media?parent=12"}],"curies":[{"name":"wp","href":"https:\/\/api.w.org\/{rel}","templated":true}]}}