{"id":9,"date":"2024-08-02T09:12:05","date_gmt":"2024-08-02T09:12:05","guid":{"rendered":"https:\/\/erbatechnologiesaustria.com\/dienstleistungen\/"},"modified":"2024-08-02T09:12:16","modified_gmt":"2024-08-02T09:12:16","slug":"dienstleistungen","status":"publish","type":"page","link":"https:\/\/erbatechnologiesaustria.com\/en\/dienstleistungen\/","title":{"rendered":"Dienstleistungen"},"content":{"rendered":"<div class=\"wp-block-group alignfull has-background-background-color has-background has-global-padding is-layout-constrained wp-block-group-is-layout-constrained\" style=\"margin-top:0;margin-bottom:0;padding-top:0;padding-bottom:0\">\n<div class=\"wp-block-cover alignfull\" style=\"padding-top:0;padding-right:var(--wp--preset--spacing--30);padding-bottom:0;padding-left:var(--wp--preset--spacing--30);min-height:50px;aspect-ratio:unset;\"><span aria-hidden=\"true\" class=\"wp-block-cover__background has-black-background-color has-background-dim-60 has-background-dim\"><\/span><img loading=\"lazy\" decoding=\"async\" width=\"1280\" height=\"853\" class=\"wp-block-cover__image-background wp-image-21\" alt=\"\" src=\"https:\/\/erbatechnologiesaustria.com\/wp-content\/uploads\/2024\/08\/6d0feec454d0e58e8f070bf451ac0b2ca32998bf.jpg\" data-object-fit=\"cover\" srcset=\"https:\/\/erbatechnologiesaustria.com\/wp-content\/uploads\/2024\/08\/6d0feec454d0e58e8f070bf451ac0b2ca32998bf.jpg 1280w, https:\/\/erbatechnologiesaustria.com\/wp-content\/uploads\/2024\/08\/6d0feec454d0e58e8f070bf451ac0b2ca32998bf-300x200.jpg 300w, https:\/\/erbatechnologiesaustria.com\/wp-content\/uploads\/2024\/08\/6d0feec454d0e58e8f070bf451ac0b2ca32998bf-1024x682.jpg 1024w, https:\/\/erbatechnologiesaustria.com\/wp-content\/uploads\/2024\/08\/6d0feec454d0e58e8f070bf451ac0b2ca32998bf-768x512.jpg 768w\" sizes=\"auto, (max-width: 1280px) 100vw, 1280px\" \/><div class=\"wp-block-cover__inner-container is-layout-flow wp-block-cover-is-layout-flow\">\n<div class=\"wp-block-group has-global-padding is-layout-constrained wp-block-group-is-layout-constrained\" style=\"padding-top:var(--wp--preset--spacing--60);padding-bottom:var(--wp--preset--spacing--60)\">\n<h1 class=\"wp-block-heading alignwide has-text-align-left has-text-color has-x-large-font-size\" style=\"color:#fffffffc\">Erba Technologies Austria &#8211; Ihr Innovationszentrum<\/h1>\n<\/div>\n<\/div><\/div>\n<\/div>\n\n<div class=\"wp-block-group alignfull has-tertiary-background-color has-background has-global-padding is-layout-constrained wp-container-core-group-is-layout-7276a2bb wp-block-group-is-layout-constrained\" style=\"margin-top:0;margin-bottom:0;padding-top:var(--wp--preset--spacing--60);padding-right:var(--wp--preset--spacing--30);padding-bottom:var(--wp--preset--spacing--60);padding-left:var(--wp--preset--spacing--30)\">\n<div class=\"wp-block-group alignwide has-global-padding is-content-justification-left is-layout-constrained wp-container-core-group-is-layout-8b4c372c wp-block-group-is-layout-constrained\">\n<h2 class=\"wp-block-heading has-large-font-size\">Unsere innovativen Diagnostikl\u00f6sungen<\/h2>\n\n\n\n<p style=\"margin-top:16px\">Erba Technologies Austria entwickelt Point-of-Care-Ger\u00e4te, die pr\u00e4zise und kosteng\u00fcnstige Diagnosen erm\u00f6glichen. Unser EC90 ist ideal f\u00fcr Arztpraxen in Schwellenl\u00e4ndern und erf\u00fcllt h\u00f6chste Qualit\u00e4tsstandards.<\/p>\n<\/div>\n\n\n\n<div class=\"wp-block-columns alignwide is-layout-flex wp-container-core-columns-is-layout-28f84493 wp-block-columns-is-layout-flex\">\n<div class=\"wp-block-column has-background-background-color has-background is-layout-flow wp-block-column-is-layout-flow\" style=\"padding-top:1.5rem;padding-right:1.5rem;padding-bottom:1.5rem;padding-left:1.5rem\">\n<h3 class=\"wp-block-heading\" style=\"font-size:clamp(14px, 0.875rem + ((1vw - 3.2px) * 0.625), 20px);line-height:1.5\">Blutparameteranalyse<\/h3>\n\n\n\n<p class=\"has-small-font-size\" style=\"margin-top:8px\">Der EC90 misst vier wichtige Blutparameter schnell und zuverl\u00e4ssig. Ideal f\u00fcr schnelle Diagnosen bei akuten Gesundheitsproblemen.<\/p>\n<\/div>\n\n\n\n<div class=\"wp-block-column has-background-background-color has-background is-layout-flow wp-block-column-is-layout-flow\" style=\"padding-top:1.5rem;padding-right:1.5rem;padding-bottom:1.5rem;padding-left:1.5rem\">\n<h3 class=\"wp-block-heading\" style=\"font-size:clamp(14px, 0.875rem + ((1vw - 3.2px) * 0.625), 20px);line-height:1.5\">Diagnostik f\u00fcr Praxen<\/h3>\n\n\n\n<p class=\"has-small-font-size\" style=\"margin-top:8px\">Unsere Ger\u00e4te sind speziell f\u00fcr den Einsatz in Arztpraxen konzipiert und unterst\u00fctzen bei der Diagnose von Krankheiten.<\/p>\n<\/div>\n\n\n\n<div class=\"wp-block-column has-background-background-color has-background is-layout-flow wp-block-column-is-layout-flow\" style=\"padding-top:1.5rem;padding-right:1.5rem;padding-bottom:1.5rem;padding-left:1.5rem\">\n<h3 class=\"wp-block-heading\" style=\"font-size:clamp(14px, 0.875rem + ((1vw - 3.2px) * 0.625), 20px);line-height:1.5\">Qualit\u00e4tskontrolle<\/h3>\n\n\n\n<p class=\"has-small-font-size\" style=\"margin-top:8px\">Wir gew\u00e4hrleisten durch ISO 13485 zertifizierte Prozesse h\u00f6chste Qualit\u00e4t und Zuverl\u00e4ssigkeit unserer Diagnostikger\u00e4te.<\/p>\n<\/div>\n<\/div>\n<\/div>\n\n<div class=\"wp-block-group alignfull has-background-background-color has-background has-global-padding is-layout-constrained wp-container-core-group-is-layout-68d5e5bb wp-block-group-is-layout-constrained\" style=\"margin-top:0;margin-bottom:0;padding-top:var(--wp--preset--spacing--50);padding-right:var(--wp--preset--spacing--30);padding-bottom:var(--wp--preset--spacing--60);padding-left:var(--wp--preset--spacing--30)\">\n<div class=\"wp-block-columns alignwide is-layout-flex wp-container-core-columns-is-layout-47c06fe3 wp-block-columns-is-layout-flex\">\n<div class=\"wp-block-column is-layout-flow wp-block-column-is-layout-flow\">\n<h2 class=\"wp-block-heading has-large-font-size\">Unsere herausragenden Dienstleistungen<\/h2>\n\n\n\n<p style=\"margin-top:16px\">Erba Technologies Austria bietet Ihnen eine Vielzahl von Vorteilen, die uns zu Ihrer besten Wahl machen.<\/p>\n<\/div>\n\n\n\n<div class=\"wp-block-column is-layout-flow wp-block-column-is-layout-flow\">\n<div class=\"wp-block-group has-global-padding is-layout-constrained wp-block-group-is-layout-constrained\">\n<h3 class=\"wp-block-heading\" style=\"margin-top:16px;font-size:clamp(14px, 0.875rem + ((1vw - 3.2px) * 0.625), 20px);line-height:1.5\">Innovative Diagnosetechnologie<\/h3>\n\n\n\n<p class=\"has-small-font-size\" style=\"margin-top:8px\">Unser Standort in \u00d6sterreich bietet modernste Diagnosetechnologie und hochqualifizierte Experten f\u00fcr exzellente Ergebnisse.<\/p>\n<\/div>\n\n\n\n<div class=\"wp-block-group has-global-padding is-layout-constrained wp-block-group-is-layout-constrained\">\n<h3 class=\"wp-block-heading\" style=\"margin-top:16px;font-size:clamp(14px, 0.875rem + ((1vw - 3.2px) * 0.625), 20px);line-height:1.5\">Umfassende Diagnostikl\u00f6sungen<\/h3>\n\n\n\n<p class=\"has-small-font-size\" style=\"margin-top:8px\">Unser erfahrenes Team bietet umfassende Diagnostikl\u00f6sungen f\u00fcr eine Vielzahl von medizinischen Anwendungen.<\/p>\n<\/div>\n\n\n\n<div class=\"wp-block-group has-global-padding is-layout-constrained wp-block-group-is-layout-constrained\">\n<h3 class=\"wp-block-heading\" style=\"margin-top:16px;font-size:clamp(14px, 0.875rem + ((1vw - 3.2px) * 0.625), 20px);line-height:1.5\">Pionierarbeit in Diagnostik<\/h3>\n\n\n\n<p class=\"has-small-font-size\" style=\"margin-top:8px\">Erba Technologies Austria setzt innovative Diagnosetechniken ein, um pr\u00e4zise und schnelle Ergebnisse zu liefern.<\/p>\n<\/div>\n<\/div>\n\n\n\n<div class=\"wp-block-column is-layout-flow wp-block-column-is-layout-flow\">\n<div class=\"wp-block-group has-global-padding is-layout-constrained wp-block-group-is-layout-constrained\">\n<h3 class=\"wp-block-heading\" style=\"margin-top:16px;font-size:clamp(14px, 0.875rem + ((1vw - 3.2px) * 0.625), 20px);line-height:1.5\">Hochqualifizierte Experten<\/h3>\n\n\n\n<p class=\"has-small-font-size\" style=\"margin-top:8px\">Unsere spezialisierten Fachkr\u00e4fte bieten individuelle L\u00f6sungen in verschiedenen diagnostischen Bereichen.<\/p>\n<\/div>\n\n\n\n<div class=\"wp-block-group has-global-padding is-layout-constrained wp-block-group-is-layout-constrained\">\n<h3 class=\"wp-block-heading\" style=\"margin-top:16px;font-size:clamp(14px, 0.875rem + ((1vw - 3.2px) * 0.625), 20px);line-height:1.5\">Qualit\u00e4t und Zuverl\u00e4ssigkeit<\/h3>\n\n\n\n<p class=\"has-small-font-size\" style=\"margin-top:8px\">Kundenzufriedenheit ist unsere Priorit\u00e4t. Qualit\u00e4t und Zuverl\u00e4ssigkeit stehen im Mittelpunkt.<\/p>\n<\/div>\n<\/div>\n<\/div>\n<\/div>\n\n<div class=\"wp-block-group alignfull has-tertiary-background-color has-background has-global-padding is-layout-constrained wp-container-core-group-is-layout-7276a2bb wp-block-group-is-layout-constrained\" style=\"margin-top:0;margin-bottom:0;padding-top:var(--wp--preset--spacing--60);padding-right:var(--wp--preset--spacing--30);padding-bottom:var(--wp--preset--spacing--60);padding-left:var(--wp--preset--spacing--30)\">\n<div class=\"wp-block-group alignwide is-content-justification-space-between is-layout-flex wp-container-core-group-is-layout-9366075c wp-block-group-is-layout-flex\">\n<div class=\"wp-block-group has-global-padding is-layout-constrained wp-block-group-is-layout-constrained\">\n<h2 class=\"wp-block-heading has-large-font-size\">Vereinbaren Sie jetzt einen Termin bei Erba Technologies Austria<\/h2>\n\n\n\n<p style=\"margin-top:16px\">Erba Technologies Austria entwickelt innovative Point-of-Care-Ger\u00e4te wie den EC90. Mit einem erfahrenen Team bieten wir hochwertige Diagnostik f\u00fcr Arztpraxen. Kontaktieren Sie uns f\u00fcr mehr Informationen.<\/p>\n<\/div>\n\n\n\n<div class=\"wp-block-buttons is-horizontal is-content-justification-right is-layout-flex wp-container-core-buttons-is-layout-27c00227 wp-block-buttons-is-layout-flex\">\n<div class=\"wp-block-button is-style-outline is-style-outline--1\"><a class=\"wp-block-button__link wp-element-button\" href=\"\/en\/kontakt\/\">Mehr erfahren<\/a><\/div>\n\n\n\n<div class=\"wp-block-button\"><a class=\"wp-block-button__link wp-element-button\" href=\"\/en\/kontakt\/\">Jetzt informieren<\/a><\/div>\n<\/div>\n<\/div>\n<\/div>","protected":false},"excerpt":{"rendered":"<p>Unsere innovativen Diagnostikl\u00f6sungen Erba Technologies Austria entwickelt Point-of-Care-Ger\u00e4te, die pr\u00e4zise und kosteng\u00fcnstige Diagnosen erm\u00f6glichen. Unser EC90 ist ideal f\u00fcr Arztpraxen in Schwellenl\u00e4ndern und erf\u00fcllt h\u00f6chste Qualit\u00e4tsstandards. Blutparameteranalyse Der EC90 misst vier wichtige Blutparameter schnell und zuverl\u00e4ssig. Ideal f\u00fcr schnelle Diagnosen bei akuten Gesundheitsproblemen. Diagnostik f\u00fcr Praxen Unsere Ger\u00e4te sind speziell f\u00fcr den Einsatz in Arztpraxen [&hellip;]<\/p>\n","protected":false},"author":1,"featured_media":0,"parent":0,"menu_order":0,"comment_status":"closed","ping_status":"closed","template":"no-title","meta":{"footnotes":""},"class_list":["post-9","page","type-page","status-publish","hentry"],"aioseo_notices":[],"_links":{"self":[{"href":"https:\/\/erbatechnologiesaustria.com\/en\/wp-json\/wp\/v2\/pages\/9","targetHints":{"allow":["GET"]}}],"collection":[{"href":"https:\/\/erbatechnologiesaustria.com\/en\/wp-json\/wp\/v2\/pages"}],"about":[{"href":"https:\/\/erbatechnologiesaustria.com\/en\/wp-json\/wp\/v2\/types\/page"}],"author":[{"embeddable":true,"href":"https:\/\/erbatechnologiesaustria.com\/en\/wp-json\/wp\/v2\/users\/1"}],"replies":[{"embeddable":true,"href":"https:\/\/erbatechnologiesaustria.com\/en\/wp-json\/wp\/v2\/comments?post=9"}],"version-history":[{"count":2,"href":"https:\/\/erbatechnologiesaustria.com\/en\/wp-json\/wp\/v2\/pages\/9\/revisions"}],"predecessor-version":[{"id":22,"href":"https:\/\/erbatechnologiesaustria.com\/en\/wp-json\/wp\/v2\/pages\/9\/revisions\/22"}],"wp:attachment":[{"href":"https:\/\/erbatechnologiesaustria.com\/en\/wp-json\/wp\/v2\/media?parent=9"}],"curies":[{"name":"wp","href":"https:\/\/api.w.org\/{rel}","templated":true}]}}